{"id":6263,"date":"2022-12-04T16:50:24","date_gmt":"2022-12-04T16:50:24","guid":{"rendered":"https:\/\/www.arielzannou.com\/?page_id=6263"},"modified":"2022-12-04T16:50:24","modified_gmt":"2022-12-04T16:50:24","slug":"isma-entreprises","status":"publish","type":"page","link":"https:\/\/isma-benin.org\/index.php\/isma-entreprises\/","title":{"rendered":"ISMA &#8211; TELEVISIONS &#8211; RADIOS &#8211; ENTREPRISES DE PRODUCTIONS CIN\u00c9MATOGRAPHIQUES"},"content":{"rendered":"\n<p>Dans la perspective de permettre aux apprenants de l\u2019ISMA de maitriser les r\u00e9alit\u00e9s de leur futur m\u00e9tier, de nombreuses conventions de partenariats ont \u00e9t\u00e9 conclues avec les cha\u00eenes de T\u00e9l\u00e9visions, de radio et les organismes et entreprises de productions audiovisuelles et cin\u00e9matographiques.<\/p>\n\n\n\n<p>Les entreprises qui re\u00e7oivent nos \u00e9tudiants en stage sont :<\/p>\n","protected":false},"excerpt":{"rendered":"<p>Dans la perspective de permettre aux apprenants de l\u2019ISMA de maitriser les r\u00e9alit\u00e9s de leur futur m\u00e9tier, de nombreuses conventions de partenariats ont \u00e9t\u00e9 conclues avec les cha\u00eenes de T\u00e9l\u00e9visions, de radio et les organismes et entreprises de productions audiovisuelles et cin\u00e9matographiques. Les entreprises qui re\u00e7oivent nos \u00e9tudiants en stage sont :<\/p>\n","protected":false},"author":2,"featured_media":0,"parent":0,"menu_order":0,"comment_status":"closed","ping_status":"closed","template":"","meta":{"footnotes":""},"class_list":["post-6263","page","type-page","status-publish","hentry"],"_links":{"self":[{"href":"https:\/\/isma-benin.org\/index.php\/wp-json\/wp\/v2\/pages\/6263","targetHints":{"allow":["GET"]}}],"collection":[{"href":"https:\/\/isma-benin.org\/index.php\/wp-json\/wp\/v2\/pages"}],"about":[{"href":"https:\/\/isma-benin.org\/index.php\/wp-json\/wp\/v2\/types\/page"}],"author":[{"embeddable":true,"href":"https:\/\/isma-benin.org\/index.php\/wp-json\/wp\/v2\/users\/2"}],"replies":[{"embeddable":true,"href":"https:\/\/isma-benin.org\/index.php\/wp-json\/wp\/v2\/comments?post=6263"}],"version-history":[{"count":0,"href":"https:\/\/isma-benin.org\/index.php\/wp-json\/wp\/v2\/pages\/6263\/revisions"}],"wp:attachment":[{"href":"https:\/\/isma-benin.org\/index.php\/wp-json\/wp\/v2\/media?parent=6263"}],"curies":[{"name":"wp","href":"https:\/\/api.w.org\/{rel}","templated":true}]}}